{"id":5,"date":"2021-06-10T16:01:30","date_gmt":"2021-06-10T16:01:30","guid":{"rendered":"https:\/\/uniprof.com.br\/qas-blog\/?page_id=5"},"modified":"2026-01-29T17:32:34","modified_gmt":"2026-01-29T17:32:34","slug":"blog-da-uniprof","status":"publish","type":"page","link":"https:\/\/uniprof.com.br\/blog\/","title":{"rendered":"Home"},"content":{"rendered":"\t\t<div data-elementor-type=\"wp-page\" data-elementor-id=\"5\" class=\"elementor elementor-5\">\n\t\t\t\t\t\t<section class=\"elementor-section elementor-top-section elementor-element elementor-element-f17c494 elementor-section-height-min-height elementor-section-boxed elementor-section-height-default elementor-section-items-middle elementor-invisible\" data-id=\"f17c494\" data-element_type=\"section\" data-settings=\"{&quot;background_background&quot;:&quot;classic&quot;,&quot;animation&quot;:&quot;fadeIn&quot;}\">\n\t\t\t\t\t\t<div class=\"elementor-container elementor-column-gap-default\">\n\t\t\t\t\t<div class=\"elementor-column elementor-col-50 elementor-top-column elementor-element elementor-element-c981f08\" data-id=\"c981f08\" data-element_type=\"column\">\n\t\t\t<div class=\"elementor-widget-wrap elementor-element-populated\">\n\t\t\t\t\t\t<div class=\"elementor-element elementor-element-28075a3 elementor-widget elementor-widget-heading\" data-id=\"28075a3\" data-element_type=\"widget\" data-widget_type=\"heading.default\">\n\t\t\t\t<div class=\"elementor-widget-container\">\n\t\t\t\t\t<h1 class=\"elementor-heading-title elementor-size-default\"><span style=\"color: black\">Blog UniPROF: educa\u00e7\u00e3o profissional, gest\u00e3o p\u00fablica e inova\u00e7\u00e3o  <\/span><b>para inovar a sua carreira<\/b><\/h1>\t\t\t\t<\/div>\n\t\t\t\t<\/div>\n\t\t\t\t<div class=\"elementor-element elementor-element-1ed31e8 elementor-widget elementor-widget-text-editor\" data-id=\"1ed31e8\" data-element_type=\"widget\" data-widget_type=\"text-editor.default\">\n\t\t\t\t<div class=\"elementor-widget-container\">\n\t\t\t\t\t\t\t\t\t<p>O blog da UniPROF re\u00fane an\u00e1lises, estudos e reflex\u00f5es sobre educa\u00e7\u00e3o profissional, gest\u00e3o p\u00fablica, inova\u00e7\u00e3o e desenvolvimento de compet\u00eancias para o mundo do trabalho.<\/p>\t\t\t\t\t\t\t\t<\/div>\n\t\t\t\t<\/div>\n\t\t\t\t<div class=\"elementor-element elementor-element-192be5d elementor-widget elementor-widget-button\" data-id=\"192be5d\" data-element_type=\"widget\" data-widget_type=\"button.default\">\n\t\t\t\t<div class=\"elementor-widget-container\">\n\t\t\t\t\t\t\t\t\t<div class=\"elementor-button-wrapper\">\n\t\t\t\t\t<a class=\"elementor-button elementor-button-link elementor-size-sm\" href=\"https:\/\/uniprof.com.br\/blog\/categoria\/todos\/\">\n\t\t\t\t\t\t<span class=\"elementor-button-content-wrapper\">\n\t\t\t\t\t\t\t\t\t<span class=\"elementor-button-text\">Explorar Conte\u00fados<\/span>\n\t\t\t\t\t<\/span>\n\t\t\t\t\t<\/a>\n\t\t\t\t<\/div>\n\t\t\t\t\t\t\t\t<\/div>\n\t\t\t\t<\/div>\n\t\t\t\t\t<\/div>\n\t\t<\/div>\n\t\t\t\t<div class=\"elementor-column elementor-col-50 elementor-top-column elementor-element elementor-element-17a32b3 elementor-hidden-phone\" data-id=\"17a32b3\" data-element_type=\"column\">\n\t\t\t<div class=\"elementor-widget-wrap elementor-element-populated\">\n\t\t\t\t\t\t<div class=\"elementor-element elementor-element-d06b968 elementor-widget elementor-widget-image\" data-id=\"d06b968\" data-element_type=\"widget\" data-widget_type=\"image.default\">\n\t\t\t\t<div class=\"elementor-widget-container\">\n\t\t\t\t\t\t\t\t\t\t\t\t\t\t\t<img fetchpriority=\"high\" decoding=\"async\" width=\"960\" height=\"540\" src=\"https:\/\/uniprof.com.br\/blog\/wp-content\/uploads\/2026\/01\/Design-sem-nome-28.png\" class=\"attachment-large size-large wp-image-1001\" alt=\"\" srcset=\"https:\/\/uniprof.com.br\/blog\/wp-content\/uploads\/2026\/01\/Design-sem-nome-28.png 960w, https:\/\/uniprof.com.br\/blog\/wp-content\/uploads\/2026\/01\/Design-sem-nome-28-300x169.png 300w, https:\/\/uniprof.com.br\/blog\/wp-content\/uploads\/2026\/01\/Design-sem-nome-28-768x432.png 768w\" sizes=\"(max-width: 960px) 100vw, 960px\" \/>\t\t\t\t\t\t\t\t\t\t\t\t\t\t\t<\/div>\n\t\t\t\t<\/div>\n\t\t\t\t\t<\/div>\n\t\t<\/div>\n\t\t\t\t\t<\/div>\n\t\t<\/section>\n\t\t\t\t<section class=\"elementor-section elementor-top-section elementor-element elementor-element-da45598 elementor-section-boxed elementor-section-height-default elementor-section-height-default\" data-id=\"da45598\" data-element_type=\"section\">\n\t\t\t\t\t\t<div class=\"elementor-container elementor-column-gap-default\">\n\t\t\t\t\t<div class=\"elementor-column elementor-col-100 elementor-top-column elementor-element elementor-element-62c063d\" data-id=\"62c063d\" data-element_type=\"column\">\n\t\t\t<div class=\"elementor-widget-wrap elementor-element-populated\">\n\t\t\t\t\t\t<div class=\"elementor-element elementor-element-39db8c2 elementor-widget-divider--view-line elementor-widget elementor-widget-divider\" data-id=\"39db8c2\" data-element_type=\"widget\" data-widget_type=\"divider.default\">\n\t\t\t\t<div class=\"elementor-widget-container\">\n\t\t\t\t\t\t\t<div class=\"elementor-divider\">\n\t\t\t<span class=\"elementor-divider-separator\">\n\t\t\t\t\t\t<\/span>\n\t\t<\/div>\n\t\t\t\t\t\t<\/div>\n\t\t\t\t<\/div>\n\t\t\t\t\t<\/div>\n\t\t<\/div>\n\t\t\t\t\t<\/div>\n\t\t<\/section>\n\t\t\t\t<section class=\"elementor-section elementor-top-section elementor-element elementor-element-8eb1a94 elementor-section-boxed elementor-section-height-default elementor-section-height-default\" data-id=\"8eb1a94\" data-element_type=\"section\">\n\t\t\t\t\t\t<div class=\"elementor-container elementor-column-gap-default\">\n\t\t\t\t\t<div class=\"elementor-column elementor-col-50 elementor-top-column elementor-element elementor-element-ef232e9\" data-id=\"ef232e9\" data-element_type=\"column\">\n\t\t\t<div class=\"elementor-widget-wrap elementor-element-populated\">\n\t\t\t\t\t\t<div class=\"elementor-element elementor-element-a0a1a28 elementor-widget elementor-widget-heading\" data-id=\"a0a1a28\" data-element_type=\"widget\" data-widget_type=\"heading.default\">\n\t\t\t\t<div class=\"elementor-widget-container\">\n\t\t\t\t\t<h2 class=\"elementor-heading-title elementor-size-default\">\u00daltimos Artigos<\/h2>\t\t\t\t<\/div>\n\t\t\t\t<\/div>\n\t\t\t\t\t<\/div>\n\t\t<\/div>\n\t\t\t\t<div class=\"elementor-column elementor-col-50 elementor-top-column elementor-element elementor-element-a2fbde4\" data-id=\"a2fbde4\" data-element_type=\"column\">\n\t\t\t<div class=\"elementor-widget-wrap\">\n\t\t\t\t\t\t\t<\/div>\n\t\t<\/div>\n\t\t\t\t\t<\/div>\n\t\t<\/section>\n\t\t\t\t<section class=\"elementor-section elementor-top-section elementor-element elementor-element-ff8af33 elementor-section-boxed elementor-section-height-default elementor-section-height-default\" data-id=\"ff8af33\" data-element_type=\"section\">\n\t\t\t\t\t\t<div class=\"elementor-container elementor-column-gap-default\">\n\t\t\t\t\t<div class=\"elementor-column elementor-col-100 elementor-top-column elementor-element elementor-element-86ba774\" data-id=\"86ba774\" data-element_type=\"column\">\n\t\t\t<div class=\"elementor-widget-wrap elementor-element-populated\">\n\t\t\t\t\t\t<div class=\"elementor-element elementor-element-ab2cc7e elementor-widget elementor-widget-html\" data-id=\"ab2cc7e\" data-element_type=\"widget\" data-widget_type=\"html.default\">\n\t\t\t\t<div class=\"elementor-widget-container\">\n\t\t\t\t\t<section class=\"uniprof-latest\">\r\n  <div class=\"uniprof-latest__head\">\r\n    <h2><\/h2>\r\n    <a class=\"uniprof-latest__all\" href=\"\/blog\/categoria\/todos\/\"><\/a>\r\n  <\/div>\r\n\r\n  <div id=\"uniprof-latest-grid\" class=\"uniprof-latest__grid\" aria-live=\"polite\">\r\n    <p>Carregando artigos\u2026<\/p>\r\n  <\/div>\r\n<\/section>\r\n\r\n<style>\r\n  .uniprof-latest__head{display:flex;align-items:baseline;justify-content:space-between;gap:16px;margin-bottom:12px}\r\n  .uniprof-latest__all{text-decoration:none}\r\n  .uniprof-latest__grid{display:grid;grid-template-columns:repeat(3,minmax(0,1fr));gap:18px}\r\n  .uniprof-card{border:1px solid rgba(0,0,0,.08);border-radius:10px;overflow:hidden;background:#fff}\r\n  .uniprof-card__img{width:100%;aspect-ratio:16\/9;object-fit:cover;display:block;background:#f2f2f2}\r\n  .uniprof-card__body{padding:14px}\r\n  .uniprof-card__title{margin:0 0 8px 0;font-size:16px;line-height:1.25}\r\n  .uniprof-card__title a{text-decoration:none}\r\n  .uniprof-card__excerpt{margin:0;color:rgba(0,0,0,.75);font-size:14px;line-height:1.45}\r\n  .uniprof-card__meta{margin-top:10px;font-size:12px;color:rgba(0,0,0,.6)}\r\n  @media (max-width: 1024px){.uniprof-latest__grid{grid-template-columns:repeat(2,minmax(0,1fr));}}\r\n  @media (max-width: 640px){.uniprof-latest__grid{grid-template-columns:1fr;}}\r\n<\/style>\r\n\r\n<script>\r\n(async function(){\r\n  const grid = document.getElementById('uniprof-latest-grid');\r\n  if(!grid) return;\r\n\r\n  \/\/ Troque \"todos\" pelo SLUG real da sua categoria, se for diferente.\r\n  const CATEGORY_SLUG = 'todos';\r\n  const PER_PAGE = 6;\r\n\r\n  function stripHtml(html){\r\n    const tmp = document.createElement('div');\r\n    tmp.innerHTML = html;\r\n    return (tmp.textContent || tmp.innerText || '').trim();\r\n  }\r\n\r\n  try {\r\n    \/\/ 1) Descobrir o ID da categoria pelo slug\r\n    const catRes = await fetch(`\/blog\/wp-json\/wp\/v2\/categories?slug=${encodeURIComponent(CATEGORY_SLUG)}`);\r\n    const cats = await catRes.json();\r\n    const catId = Array.isArray(cats) && cats[0] ? cats[0].id : null;\r\n\r\n    \/\/ Se n\u00e3o achar a categoria, busca posts gerais\r\n    const postsUrl = catId\r\n      ? `\/blog\/wp-json\/wp\/v2\/posts?per_page=${PER_PAGE}&categories=${catId}&_embed=1&orderby=date&order=desc`\r\n      : `\/blog\/wp-json\/wp\/v2\/posts?per_page=${PER_PAGE}&_embed=1&orderby=date&order=desc`;\r\n\r\n    \/\/ 2) Buscar posts\r\n    const postRes = await fetch(postsUrl);\r\n    const posts = await postRes.json();\r\n\r\n    if(!Array.isArray(posts) || posts.length === 0){\r\n      grid.innerHTML = `<p>Nenhum artigo encontrado.<\/p>`;\r\n      return;\r\n    }\r\n\r\n    \/\/ 3) Renderizar cards\r\n    const cards = posts.map(p => {\r\n      const title = stripHtml(p.title?.rendered || '');\r\n      const excerpt = stripHtml(p.excerpt?.rendered || '').replace(\/\\s+\/g,' ').slice(0,160);\r\n      const link = p.link || '#';\r\n\r\n      const featured =\r\n        p._embedded?.['wp:featuredmedia']?.[0]?.source_url || '';\r\n\r\n      const date = p.date ? new Date(p.date) : null;\r\n      const dateBR = date ? date.toLocaleDateString('pt-BR') : '';\r\n\r\n      return `\r\n        <article class=\"uniprof-card\">\r\n          ${featured ? `<a href=\"${link}\"><img decoding=\"async\" class=\"uniprof-card__img\" src=\"${featured}\" alt=\"${title}\"><\/a>` : ``}\r\n          <div class=\"uniprof-card__body\">\r\n            <h3 class=\"uniprof-card__title\"><a href=\"${link}\">${title}<\/a><\/h3>\r\n            ${excerpt ? `<p class=\"uniprof-card__excerpt\">${excerpt}\u2026<\/p>` : ``}\r\n            ${dateBR ? `<div class=\"uniprof-card__meta\">${dateBR}<\/div>` : ``}\r\n          <\/div>\r\n        <\/article>\r\n      `;\r\n    }).join('');\r\n\r\n    grid.innerHTML = cards;\r\n\r\n  } catch (e){\r\n    grid.innerHTML = `<p>N\u00e3o foi poss\u00edvel carregar os artigos agora.<\/p>`;\r\n    console.error(e);\r\n  }\r\n})();\r\n<\/script>\r\n\t\t\t\t<\/div>\n\t\t\t\t<\/div>\n\t\t\t\t\t<\/div>\n\t\t<\/div>\n\t\t\t\t\t<\/div>\n\t\t<\/section>\n\t\t\t\t<\/div>\n\t\t","protected":false},"excerpt":{"rendered":"<p>Blog UniPROF: educa\u00e7\u00e3o profissional, gest\u00e3o p\u00fablica e inova\u00e7\u00e3o para inovar a sua carreira O blog da UniPROF re\u00fane an\u00e1lises, estudos [&hellip;]<\/p>\n","protected":false},"author":1,"featured_media":0,"parent":0,"menu_order":0,"comment_status":"closed","ping_status":"closed","template":"","meta":{"site-sidebar-layout":"default","site-content-layout":"","ast-site-content-layout":"default","site-content-style":"default","site-sidebar-style":"default","ast-global-header-display":"","ast-banner-title-visibility":"","ast-main-header-display":"","ast-hfb-above-header-display":"","ast-hfb-below-header-display":"","ast-hfb-mobile-header-display":"","site-post-title":"disabled","ast-breadcrumbs-content":"","ast-featured-img":"","footer-sml-layout":"","ast-disable-related-posts":"","theme-transparent-header-meta":"","adv-header-id-meta":"","stick-header-meta":"","header-above-stick-meta":"","header-main-stick-meta":"","header-below-stick-meta":"","astra-migrate-meta-layouts":"default","ast-page-background-enabled":"default","ast-page-background-meta":{"desktop":{"background-color":"var(--ast-global-color-5)","background-image":"","background-repeat":"repeat","background-position":"center center","background-size":"auto","background-attachment":"scroll","background-type":"","background-media":"","overlay-type":"","overlay-color":"","overlay-opacity":"","overlay-gradient":""},"tablet":{"background-color":"","background-image":"","background-repeat":"repeat","background-position":"center center","background-size":"auto","background-attachment":"scroll","background-type":"","background-media":"","overlay-type":"","overlay-color":"","overlay-opacity":"","overlay-gradient":""},"mobile":{"background-color":"","background-image":"","background-repeat":"repeat","background-position":"center center","background-size":"auto","background-attachment":"scroll","background-type":"","background-media":"","overlay-type":"","overlay-color":"","overlay-opacity":"","overlay-gradient":""}},"ast-content-background-meta":{"desktop":{"background-color":"var(--ast-global-color-4)","background-image":"","background-repeat":"repeat","background-position":"center center","background-size":"auto","background-attachment":"scroll","background-type":"","background-media":"","overlay-type":"","overlay-color":"","overlay-opacity":"","overlay-gradient":""},"tablet":{"background-color":"var(--ast-global-color-4)","background-image":"","background-repeat":"repeat","background-position":"center center","background-size":"auto","background-attachment":"scroll","background-type":"","background-media":"","overlay-type":"","overlay-color":"","overlay-opacity":"","overlay-gradient":""},"mobile":{"background-color":"var(--ast-global-color-4)","background-image":"","background-repeat":"repeat","background-position":"center center","background-size":"auto","background-attachment":"scroll","background-type":"","background-media":"","overlay-type":"","overlay-color":"","overlay-opacity":"","overlay-gradient":""}},"footnotes":""},"class_list":["post-5","page","type-page","status-publish","hentry"],"yoast_head":"<!-- This site is optimized with the Yoast SEO plugin v26.8 - https:\/\/yoast.com\/product\/yoast-seo-wordpress\/ -->\n<title>Blog da UniPROF - Universidade da Profiss\u00e3o<\/title>\n<meta name=\"description\" content=\"Quer come\u00e7ar sua carreira no empreendedorismo? No blog da UniPROF tem dicas, informa\u00e7\u00f5es exclusivas, aulas gratuitas e muito mais para voc\u00ea!\" \/>\n<meta name=\"robots\" content=\"index, follow, max-snippet:-1, max-image-preview:large, max-video-preview:-1\" \/>\n<link rel=\"canonical\" href=\"https:\/\/uniprof.com.br\/blog\/\" \/>\n<meta property=\"og:locale\" content=\"pt_BR\" \/>\n<meta property=\"og:type\" content=\"article\" \/>\n<meta property=\"og:title\" content=\"Blog da UniPROF - Universidade da Profiss\u00e3o\" \/>\n<meta property=\"og:description\" content=\"Quer come\u00e7ar sua carreira no empreendedorismo? No blog da UniPROF tem dicas, informa\u00e7\u00f5es exclusivas, aulas gratuitas e muito mais para voc\u00ea!\" \/>\n<meta property=\"og:url\" content=\"https:\/\/uniprof.com.br\/blog\/\" \/>\n<meta property=\"og:site_name\" content=\"UniPROF | Novidades, estudos e atualiza\u00e7\u00f5es\" \/>\n<meta property=\"article:publisher\" content=\"https:\/\/www.facebook.com\/uniprof.oficial\" \/>\n<meta property=\"article:modified_time\" content=\"2026-01-29T17:32:34+00:00\" \/>\n<meta property=\"og:image\" content=\"https:\/\/uniprof.com.br\/blog\/wp-content\/uploads\/2026\/01\/Design-sem-nome-28.png\" \/>\n<meta name=\"twitter:card\" content=\"summary_large_image\" \/>\n<meta name=\"twitter:label1\" content=\"Est. tempo de leitura\" \/>\n\t<meta name=\"twitter:data1\" content=\"3 minutos\" \/>\n<script type=\"application\/ld+json\" class=\"yoast-schema-graph\">{\"@context\":\"https:\/\/schema.org\",\"@graph\":[{\"@type\":\"WebPage\",\"@id\":\"https:\/\/uniprof.com.br\/blog\/\",\"url\":\"https:\/\/uniprof.com.br\/blog\/\",\"name\":\"Blog da UniPROF - Universidade da Profiss\u00e3o\",\"isPartOf\":{\"@id\":\"https:\/\/uniprof.com.br\/blog\/#website\"},\"primaryImageOfPage\":{\"@id\":\"https:\/\/uniprof.com.br\/blog\/#primaryimage\"},\"image\":{\"@id\":\"https:\/\/uniprof.com.br\/blog\/#primaryimage\"},\"thumbnailUrl\":\"https:\/\/uniprof.com.br\/blog\/wp-content\/uploads\/2026\/01\/Design-sem-nome-28.png\",\"datePublished\":\"2021-06-10T16:01:30+00:00\",\"dateModified\":\"2026-01-29T17:32:34+00:00\",\"description\":\"Quer come\u00e7ar sua carreira no empreendedorismo? No blog da UniPROF tem dicas, informa\u00e7\u00f5es exclusivas, aulas gratuitas e muito mais para voc\u00ea!\",\"breadcrumb\":{\"@id\":\"https:\/\/uniprof.com.br\/blog\/#breadcrumb\"},\"inLanguage\":\"pt-BR\",\"potentialAction\":[{\"@type\":\"ReadAction\",\"target\":[\"https:\/\/uniprof.com.br\/blog\/\"]}]},{\"@type\":\"ImageObject\",\"inLanguage\":\"pt-BR\",\"@id\":\"https:\/\/uniprof.com.br\/blog\/#primaryimage\",\"url\":\"https:\/\/uniprof.com.br\/blog\/wp-content\/uploads\/2026\/01\/Design-sem-nome-28.png\",\"contentUrl\":\"https:\/\/uniprof.com.br\/blog\/wp-content\/uploads\/2026\/01\/Design-sem-nome-28.png\",\"width\":960,\"height\":540},{\"@type\":\"BreadcrumbList\",\"@id\":\"https:\/\/uniprof.com.br\/blog\/#breadcrumb\",\"itemListElement\":[{\"@type\":\"ListItem\",\"position\":1,\"name\":\"In\u00edcio\",\"item\":\"https:\/\/uniprof.com.br\/blog\/\"},{\"@type\":\"ListItem\",\"position\":2,\"name\":\"Home\"}]},{\"@type\":\"WebSite\",\"@id\":\"https:\/\/uniprof.com.br\/blog\/#website\",\"url\":\"https:\/\/uniprof.com.br\/blog\/\",\"name\":\"UniPROF | Novidades, estudos e atualiza\u00e7\u00f5es\",\"description\":\"\",\"publisher\":{\"@id\":\"https:\/\/uniprof.com.br\/blog\/#organization\"},\"potentialAction\":[{\"@type\":\"SearchAction\",\"target\":{\"@type\":\"EntryPoint\",\"urlTemplate\":\"https:\/\/uniprof.com.br\/blog\/?s={search_term_string}\"},\"query-input\":{\"@type\":\"PropertyValueSpecification\",\"valueRequired\":true,\"valueName\":\"search_term_string\"}}],\"inLanguage\":\"pt-BR\"},{\"@type\":\"Organization\",\"@id\":\"https:\/\/uniprof.com.br\/blog\/#organization\",\"name\":\"UniPROF\",\"url\":\"https:\/\/uniprof.com.br\/blog\/\",\"logo\":{\"@type\":\"ImageObject\",\"inLanguage\":\"pt-BR\",\"@id\":\"https:\/\/uniprof.com.br\/blog\/#\/schema\/logo\/image\/\",\"url\":\"https:\/\/uniprof.com.br\/blog\/wp-content\/uploads\/2026\/01\/cropped-cropped-3.png\",\"contentUrl\":\"https:\/\/uniprof.com.br\/blog\/wp-content\/uploads\/2026\/01\/cropped-cropped-3.png\",\"width\":512,\"height\":512,\"caption\":\"UniPROF\"},\"image\":{\"@id\":\"https:\/\/uniprof.com.br\/blog\/#\/schema\/logo\/image\/\"},\"sameAs\":[\"https:\/\/www.facebook.com\/uniprof.oficial\",\"https:\/\/www.instagram.com\/uniprof.oficial\",\"https:\/\/www.linkedin.com\/company\/escolauniprof\/\",\"https:\/\/www.youtube.com\/@uniprof.oficial\",\"https:\/\/www.linkedin.com\/company\/uniprofoficial\/?viewAsMember=true\"]}]}<\/script>\n<!-- \/ Yoast SEO plugin. -->","yoast_head_json":{"title":"Blog da UniPROF - Universidade da Profiss\u00e3o","description":"Quer come\u00e7ar sua carreira no empreendedorismo? No blog da UniPROF tem dicas, informa\u00e7\u00f5es exclusivas, aulas gratuitas e muito mais para voc\u00ea!","robots":{"index":"index","follow":"follow","max-snippet":"max-snippet:-1","max-image-preview":"max-image-preview:large","max-video-preview":"max-video-preview:-1"},"canonical":"https:\/\/uniprof.com.br\/blog\/","og_locale":"pt_BR","og_type":"article","og_title":"Blog da UniPROF - Universidade da Profiss\u00e3o","og_description":"Quer come\u00e7ar sua carreira no empreendedorismo? No blog da UniPROF tem dicas, informa\u00e7\u00f5es exclusivas, aulas gratuitas e muito mais para voc\u00ea!","og_url":"https:\/\/uniprof.com.br\/blog\/","og_site_name":"UniPROF | Novidades, estudos e atualiza\u00e7\u00f5es","article_publisher":"https:\/\/www.facebook.com\/uniprof.oficial","article_modified_time":"2026-01-29T17:32:34+00:00","og_image":[{"url":"https:\/\/uniprof.com.br\/blog\/wp-content\/uploads\/2026\/01\/Design-sem-nome-28.png","type":"","width":"","height":""}],"twitter_card":"summary_large_image","twitter_misc":{"Est. tempo de leitura":"3 minutos"},"schema":{"@context":"https:\/\/schema.org","@graph":[{"@type":"WebPage","@id":"https:\/\/uniprof.com.br\/blog\/","url":"https:\/\/uniprof.com.br\/blog\/","name":"Blog da UniPROF - Universidade da Profiss\u00e3o","isPartOf":{"@id":"https:\/\/uniprof.com.br\/blog\/#website"},"primaryImageOfPage":{"@id":"https:\/\/uniprof.com.br\/blog\/#primaryimage"},"image":{"@id":"https:\/\/uniprof.com.br\/blog\/#primaryimage"},"thumbnailUrl":"https:\/\/uniprof.com.br\/blog\/wp-content\/uploads\/2026\/01\/Design-sem-nome-28.png","datePublished":"2021-06-10T16:01:30+00:00","dateModified":"2026-01-29T17:32:34+00:00","description":"Quer come\u00e7ar sua carreira no empreendedorismo? No blog da UniPROF tem dicas, informa\u00e7\u00f5es exclusivas, aulas gratuitas e muito mais para voc\u00ea!","breadcrumb":{"@id":"https:\/\/uniprof.com.br\/blog\/#breadcrumb"},"inLanguage":"pt-BR","potentialAction":[{"@type":"ReadAction","target":["https:\/\/uniprof.com.br\/blog\/"]}]},{"@type":"ImageObject","inLanguage":"pt-BR","@id":"https:\/\/uniprof.com.br\/blog\/#primaryimage","url":"https:\/\/uniprof.com.br\/blog\/wp-content\/uploads\/2026\/01\/Design-sem-nome-28.png","contentUrl":"https:\/\/uniprof.com.br\/blog\/wp-content\/uploads\/2026\/01\/Design-sem-nome-28.png","width":960,"height":540},{"@type":"BreadcrumbList","@id":"https:\/\/uniprof.com.br\/blog\/#breadcrumb","itemListElement":[{"@type":"ListItem","position":1,"name":"In\u00edcio","item":"https:\/\/uniprof.com.br\/blog\/"},{"@type":"ListItem","position":2,"name":"Home"}]},{"@type":"WebSite","@id":"https:\/\/uniprof.com.br\/blog\/#website","url":"https:\/\/uniprof.com.br\/blog\/","name":"UniPROF | Novidades, estudos e atualiza\u00e7\u00f5es","description":"","publisher":{"@id":"https:\/\/uniprof.com.br\/blog\/#organization"},"potentialAction":[{"@type":"SearchAction","target":{"@type":"EntryPoint","urlTemplate":"https:\/\/uniprof.com.br\/blog\/?s={search_term_string}"},"query-input":{"@type":"PropertyValueSpecification","valueRequired":true,"valueName":"search_term_string"}}],"inLanguage":"pt-BR"},{"@type":"Organization","@id":"https:\/\/uniprof.com.br\/blog\/#organization","name":"UniPROF","url":"https:\/\/uniprof.com.br\/blog\/","logo":{"@type":"ImageObject","inLanguage":"pt-BR","@id":"https:\/\/uniprof.com.br\/blog\/#\/schema\/logo\/image\/","url":"https:\/\/uniprof.com.br\/blog\/wp-content\/uploads\/2026\/01\/cropped-cropped-3.png","contentUrl":"https:\/\/uniprof.com.br\/blog\/wp-content\/uploads\/2026\/01\/cropped-cropped-3.png","width":512,"height":512,"caption":"UniPROF"},"image":{"@id":"https:\/\/uniprof.com.br\/blog\/#\/schema\/logo\/image\/"},"sameAs":["https:\/\/www.facebook.com\/uniprof.oficial","https:\/\/www.instagram.com\/uniprof.oficial","https:\/\/www.linkedin.com\/company\/escolauniprof\/","https:\/\/www.youtube.com\/@uniprof.oficial","https:\/\/www.linkedin.com\/company\/uniprofoficial\/?viewAsMember=true"]}]}},"_links":{"self":[{"href":"https:\/\/uniprof.com.br\/blog\/wp-json\/wp\/v2\/pages\/5","targetHints":{"allow":["GET"]}}],"collection":[{"href":"https:\/\/uniprof.com.br\/blog\/wp-json\/wp\/v2\/pages"}],"about":[{"href":"https:\/\/uniprof.com.br\/blog\/wp-json\/wp\/v2\/types\/page"}],"author":[{"embeddable":true,"href":"https:\/\/uniprof.com.br\/blog\/wp-json\/wp\/v2\/users\/1"}],"replies":[{"embeddable":true,"href":"https:\/\/uniprof.com.br\/blog\/wp-json\/wp\/v2\/comments?post=5"}],"version-history":[{"count":44,"href":"https:\/\/uniprof.com.br\/blog\/wp-json\/wp\/v2\/pages\/5\/revisions"}],"predecessor-version":[{"id":1019,"href":"https:\/\/uniprof.com.br\/blog\/wp-json\/wp\/v2\/pages\/5\/revisions\/1019"}],"wp:attachment":[{"href":"https:\/\/uniprof.com.br\/blog\/wp-json\/wp\/v2\/media?parent=5"}],"curies":[{"name":"wp","href":"https:\/\/api.w.org\/{rel}","templated":true}]}}